{"id":37722,"date":"2023-02-28T15:09:37","date_gmt":"2023-02-28T20:09:37","guid":{"rendered":"https:\/\/momcleaning.com\/?page_id=37722"},"modified":"2023-03-03T11:44:59","modified_gmt":"2023-03-03T16:44:59","slug":"demande-de-renseignements","status":"publish","type":"page","link":"https:\/\/momcleaning.com\/fr\/franchise-mom\/demande-de-renseignements\/","title":{"rendered":"Demande de renseignements"},"content":{"rendered":"\t\t<div data-elementor-type=\"wp-page\" data-elementor-id=\"37722\" class=\"elementor elementor-37722 elementor-37721\" data-elementor-post-type=\"page\">\n\t\t\t\t\t\t<section class=\"elementor-section elementor-top-section elementor-element elementor-element-9e9b562 elementor-section-boxed elementor-section-height-default elementor-section-height-default\" data-id=\"9e9b562\" data-element_type=\"section\" data-e-type=\"section\" data-settings=\"{&quot;background_background&quot;:&quot;classic&quot;}\">\n\t\t\t\t\t\t<div class=\"elementor-container elementor-column-gap-default\">\n\t\t\t\t\t<div class=\"elementor-column elementor-col-100 elementor-top-column elementor-element elementor-element-a4dd712\" data-id=\"a4dd712\" data-element_type=\"column\" data-e-type=\"column\">\n\t\t\t<div class=\"elementor-widget-wrap elementor-element-populated\">\n\t\t\t\t\t\t<div class=\"elementor-element elementor-element-df6535c elementor-align-left elementor-tablet-align-left breadcrumbs--custom elementor-hidden-tablet elementor-hidden-phone elementor-widget elementor-widget-breadcrumbs\" data-id=\"df6535c\" data-element_type=\"widget\" data-e-type=\"widget\" data-widget_type=\"breadcrumbs.default\">\n\t\t\t\t<div class=\"elementor-widget-container\">\n\t\t\t\t\t<p id=\"breadcrumbs\"><span><span><a href=\"https:\/\/momcleaning.com\/fr\/\">MOM<\/a><\/span><\/span><\/p>\t\t\t\t<\/div>\n\t\t\t\t<\/div>\n\t\t\t\t<section class=\"elementor-section elementor-inner-section elementor-element elementor-element-e572413 elementor-section-boxed elementor-section-height-default elementor-section-height-default\" data-id=\"e572413\" data-element_type=\"section\" data-e-type=\"section\">\n\t\t\t\t\t\t<div class=\"elementor-container elementor-column-gap-default\">\n\t\t\t\t\t<div class=\"elementor-column elementor-col-50 elementor-inner-column elementor-element elementor-element-97fe675\" data-id=\"97fe675\" data-element_type=\"column\" data-e-type=\"column\">\n\t\t\t<div class=\"elementor-widget-wrap elementor-element-populated\">\n\t\t\t\t\t\t<div class=\"elementor-element elementor-element-606ee42 elementor-widget elementor-widget-image\" data-id=\"606ee42\" data-element_type=\"widget\" data-e-type=\"widget\" data-widget_type=\"image.default\">\n\t\t\t\t<div class=\"elementor-widget-container\">\n\t\t\t\t\t\t\t\t\t\t\t\t\t\t\t<img fetchpriority=\"high\" decoding=\"async\" width=\"300\" height=\"300\" src=\"https:\/\/momcleaning.com\/wp-content\/uploads\/2020\/03\/Mom_Mascot.png\" class=\"attachment-large size-large wp-image-298\" alt=\"Ic\u00f4ne MOM employ\u00e9\" srcset=\"https:\/\/momcleaning.com\/wp-content\/uploads\/2020\/03\/Mom_Mascot.png 300w, https:\/\/momcleaning.com\/wp-content\/uploads\/2020\/03\/Mom_Mascot-150x150.png 150w\" sizes=\"(max-width: 300px) 100vw, 300px\" \/>\t\t\t\t\t\t\t\t\t\t\t\t\t\t\t<\/div>\n\t\t\t\t<\/div>\n\t\t\t\t\t<\/div>\n\t\t<\/div>\n\t\t\t\t<div class=\"elementor-column elementor-col-50 elementor-inner-column elementor-element elementor-element-f3b9fa0\" data-id=\"f3b9fa0\" data-element_type=\"column\" data-e-type=\"column\">\n\t\t\t<div class=\"elementor-widget-wrap elementor-element-populated\">\n\t\t\t\t\t\t<div class=\"elementor-element elementor-element-575daf8 elementor-widget elementor-widget-heading\" data-id=\"575daf8\" data-element_type=\"widget\" data-e-type=\"widget\" data-widget_type=\"heading.default\">\n\t\t\t\t<div class=\"elementor-widget-container\">\n\t\t\t\t\t<h1 class=\"elementor-heading-title elementor-size-xl\">Cr\u00e9ez votre propre entreprise et acc\u00e9l\u00e9rez votre succ\u00e8s. Appliquez maintenant.<\/h1>\t\t\t\t<\/div>\n\t\t\t\t<\/div>\n\t\t\t\t\t<\/div>\n\t\t<\/div>\n\t\t\t\t\t<\/div>\n\t\t<\/section>\n\t\t\t\t<div class=\"elementor-element elementor-element-17a3b16 elementor-hidden-tablet elementor-hidden-phone elementor-widget elementor-widget-spacer\" data-id=\"17a3b16\" data-element_type=\"widget\" data-e-type=\"widget\" data-widget_type=\"spacer.default\">\n\t\t\t\t<div class=\"elementor-widget-container\">\n\t\t\t\t\t\t\t<div class=\"elementor-spacer\">\n\t\t\t<div class=\"elementor-spacer-inner\"><\/div>\n\t\t<\/div>\n\t\t\t\t\t\t<\/div>\n\t\t\t\t<\/div>\n\t\t\t\t\t<\/div>\n\t\t<\/div>\n\t\t\t\t\t<\/div>\n\t\t<\/section>\n\t\t\t\t<section class=\"elementor-section elementor-top-section elementor-element elementor-element-9831628 elementor-section-boxed elementor-section-height-default elementor-section-height-default\" data-id=\"9831628\" data-element_type=\"section\" data-e-type=\"section\">\n\t\t\t\t\t\t<div class=\"elementor-container elementor-column-gap-default\">\n\t\t\t\t\t<div class=\"elementor-column elementor-col-100 elementor-top-column elementor-element elementor-element-475de22\" data-id=\"475de22\" data-element_type=\"column\" data-e-type=\"column\">\n\t\t\t<div class=\"elementor-widget-wrap elementor-element-populated\">\n\t\t\t\t\t\t<div class=\"elementor-element elementor-element-ffd7864 elementor-hidden-tablet elementor-hidden-phone elementor-widget elementor-widget-spacer\" data-id=\"ffd7864\" data-element_type=\"widget\" data-e-type=\"widget\" data-widget_type=\"spacer.default\">\n\t\t\t\t<div class=\"elementor-widget-container\">\n\t\t\t\t\t\t\t<div class=\"elementor-spacer\">\n\t\t\t<div class=\"elementor-spacer-inner\"><\/div>\n\t\t<\/div>\n\t\t\t\t\t\t<\/div>\n\t\t\t\t<\/div>\n\t\t\t\t\t<\/div>\n\t\t<\/div>\n\t\t\t\t\t<\/div>\n\t\t<\/section>\n\t\t\t\t<section class=\"elementor-section elementor-top-section elementor-element elementor-element-e292c40 elementor-section-boxed elementor-section-height-default elementor-section-height-default\" data-id=\"e292c40\" data-element_type=\"section\" data-e-type=\"section\" data-settings=\"{&quot;background_background&quot;:&quot;classic&quot;}\">\n\t\t\t\t\t\t<div class=\"elementor-container elementor-column-gap-default\">\n\t\t\t\t\t<div class=\"elementor-column elementor-col-100 elementor-top-column elementor-element elementor-element-1ce5cfc\" data-id=\"1ce5cfc\" data-element_type=\"column\" data-e-type=\"column\" data-settings=\"{&quot;background_background&quot;:&quot;gradient&quot;}\">\n\t\t\t<div class=\"elementor-widget-wrap elementor-element-populated\">\n\t\t\t\t\t\t<div class=\"elementor-element elementor-element-1fed869 soumission_form elementor-widget elementor-widget-shortcode\" data-id=\"1fed869\" data-element_type=\"widget\" data-e-type=\"widget\" data-widget_type=\"shortcode.default\">\n\t\t\t\t<div class=\"elementor-widget-container\">\n\t\t\t\t\t\t\t<div class=\"elementor-shortcode\"><div class='_form_15'><\/div><script type='text\/javascript' src='https:\/\/momcleaning.activehosted.com\/f\/embed.php?static=0&id=15&69DE29AB98818&nostyles=0&preview=0'><\/script><\/div>\n\t\t\t\t\t\t<\/div>\n\t\t\t\t<\/div>\n\t\t\t\t\t<\/div>\n\t\t<\/div>\n\t\t\t\t\t<\/div>\n\t\t<\/section>\n\t\t\t\t<section class=\"elementor-section elementor-top-section elementor-element elementor-element-4aad9ea elementor-section-boxed elementor-section-height-default elementor-section-height-default\" data-id=\"4aad9ea\" data-element_type=\"section\" data-e-type=\"section\" data-settings=\"{&quot;background_background&quot;:&quot;classic&quot;}\">\n\t\t\t\t\t\t<div class=\"elementor-container elementor-column-gap-default\">\n\t\t\t\t\t\t<\/div>\n\t\t<\/section>\n\t\t\t\t<section class=\"elementor-section elementor-top-section elementor-element elementor-element-c5c4aee elementor-section-boxed elementor-section-height-default elementor-section-height-default\" data-id=\"c5c4aee\" data-element_type=\"section\" data-e-type=\"section\">\n\t\t\t\t\t\t<div class=\"elementor-container elementor-column-gap-default\">\n\t\t\t\t\t<div class=\"elementor-column elementor-col-100 elementor-top-column elementor-element elementor-element-5867b6c\" data-id=\"5867b6c\" data-element_type=\"column\" data-e-type=\"column\">\n\t\t\t<div class=\"elementor-widget-wrap elementor-element-populated\">\n\t\t\t\t\t\t<div class=\"elementor-element elementor-element-295a376 elementor-widget elementor-widget-spacer\" data-id=\"295a376\" data-element_type=\"widget\" data-e-type=\"widget\" data-widget_type=\"spacer.default\">\n\t\t\t\t<div class=\"elementor-widget-container\">\n\t\t\t\t\t\t\t<div class=\"elementor-spacer\">\n\t\t\t<div class=\"elementor-spacer-inner\"><\/div>\n\t\t<\/div>\n\t\t\t\t\t\t<\/div>\n\t\t\t\t<\/div>\n\t\t\t\t\t<\/div>\n\t\t<\/div>\n\t\t\t\t\t<\/div>\n\t\t<\/section>\n\t\t\t\t<\/div>\n\t\t","protected":false},"excerpt":{"rendered":"<p>Cr\u00e9ez votre propre entreprise et acc\u00e9l\u00e9rez votre succ\u00e8s. Appliquez maintenant.<\/p>\n","protected":false},"author":16,"featured_media":0,"parent":2784,"menu_order":2,"comment_status":"closed","ping_status":"closed","template":"","meta":{"_acf_changed":false,"site-sidebar-layout":"no-sidebar","site-content-layout":"page-builder","ast-site-content-layout":"default","site-content-style":"default","site-sidebar-style":"default","ast-global-header-display":"","ast-banner-title-visibility":"","ast-main-header-display":"","ast-hfb-above-header-display":"","ast-hfb-below-header-display":"","ast-hfb-mobile-header-display":"","site-post-title":"disabled","ast-breadcrumbs-content":"","ast-featured-img":"disabled","footer-sml-layout":"","ast-disable-related-posts":"","theme-transparent-header-meta":"default","adv-header-id-meta":"","stick-header-meta":"","header-above-stick-meta":"","header-main-stick-meta":"","header-below-stick-meta":"","astra-migrate-meta-layouts":"default","ast-page-background-enabled":"default","ast-page-background-meta":{"desktop":{"background-color":"","background-image":"","background-repeat":"repeat","background-position":"center center","background-size":"auto","background-attachment":"scroll","background-type":"","background-media":"","overlay-type":"","overlay-color":"","overlay-opacity":"","overlay-gradient":""},"tablet":{"background-color":"","background-image":"","background-repeat":"repeat","background-position":"center center","background-size":"auto","background-attachment":"scroll","background-type":"","background-media":"","overlay-type":"","overlay-color":"","overlay-opacity":"","overlay-gradient":""},"mobile":{"background-color":"","background-image":"","background-repeat":"repeat","background-position":"center center","background-size":"auto","background-attachment":"scroll","background-type":"","background-media":"","overlay-type":"","overlay-color":"","overlay-opacity":"","overlay-gradient":""}},"ast-content-background-meta":{"desktop":{"background-color":"var(--ast-global-color-5)","background-image":"","background-repeat":"repeat","background-position":"center center","background-size":"auto","background-attachment":"scroll","background-type":"","background-media":"","overlay-type":"","overlay-color":"","overlay-opacity":"","overlay-gradient":""},"tablet":{"background-color":"var(--ast-global-color-5)","background-image":"","background-repeat":"repeat","background-position":"center center","background-size":"auto","background-attachment":"scroll","background-type":"","background-media":"","overlay-type":"","overlay-color":"","overlay-opacity":"","overlay-gradient":""},"mobile":{"background-color":"var(--ast-global-color-5)","background-image":"","background-repeat":"repeat","background-position":"center center","background-size":"auto","background-attachment":"scroll","background-type":"","background-media":"","overlay-type":"","overlay-color":"","overlay-opacity":"","overlay-gradient":""}},"footnotes":""},"class_list":["post-37722","page","type-page","status-publish","hentry"],"acf":[],"yoast_head":"<!-- This site is optimized with the Yoast SEO plugin v27.3 - https:\/\/yoast.com\/product\/yoast-seo-wordpress\/ -->\n<title>Appliquez pour une franchise d&#039;entretien commercial - MOM Cleaning<\/title>\n<meta name=\"description\" content=\"Vous d\u00e9sirez poss\u00e9der votre entreprise? Des franchises MOM sont offertes au Qu\u00e9bec et en Ontario. Informez-vous et envoyez votre candidature!\" \/>\n<meta name=\"robots\" content=\"index, follow, max-snippet:-1, max-image-preview:large, max-video-preview:-1\" \/>\n<link rel=\"canonical\" href=\"https:\/\/momcleaning.com\/fr\/franchise-mom\/demande-de-renseignements\/\" \/>\n<meta property=\"og:locale\" content=\"fr_CA\" \/>\n<meta property=\"og:type\" content=\"article\" \/>\n<meta property=\"og:title\" content=\"Appliquez pour une franchise d&#039;entretien commercial - MOM Cleaning\" \/>\n<meta property=\"og:description\" content=\"Vous d\u00e9sirez poss\u00e9der votre entreprise? Des franchises MOM sont offertes au Qu\u00e9bec et en Ontario. Informez-vous et envoyez votre candidature!\" \/>\n<meta property=\"og:url\" content=\"https:\/\/momcleaning.com\/fr\/franchise-mom\/demande-de-renseignements\/\" \/>\n<meta property=\"og:site_name\" content=\"MOM Cleaning\" \/>\n<meta property=\"article:publisher\" content=\"https:\/\/www.facebook.com\/momcleaninghq\/?ref=br_tf\" \/>\n<meta property=\"article:modified_time\" content=\"2023-03-03T16:44:59+00:00\" \/>\n<meta property=\"og:image\" content=\"https:\/\/momcleaning.com\/wp-content\/uploads\/2020\/03\/Mom_Mascot.png\" \/>\n<meta name=\"twitter:card\" content=\"summary_large_image\" \/>\n<meta name=\"twitter:site\" content=\"@momcleaning\" \/>\n<meta name=\"twitter:label1\" content=\"Estimation du temps de lecture\" \/>\n\t<meta name=\"twitter:data1\" content=\"5 minutes\" \/>\n<script type=\"application\/ld+json\" class=\"yoast-schema-graph\">{\"@context\":\"https:\\\/\\\/schema.org\",\"@graph\":[{\"@type\":\"WebPage\",\"@id\":\"https:\\\/\\\/momcleaning.com\\\/fr\\\/franchise-mom\\\/demande-de-renseignements\\\/\",\"url\":\"https:\\\/\\\/momcleaning.com\\\/fr\\\/franchise-mom\\\/demande-de-renseignements\\\/\",\"name\":\"Appliquez pour une franchise d'entretien commercial - MOM Cleaning\",\"isPartOf\":{\"@id\":\"https:\\\/\\\/momcleaning.com\\\/fr\\\/#website\"},\"primaryImageOfPage\":{\"@id\":\"https:\\\/\\\/momcleaning.com\\\/fr\\\/franchise-mom\\\/demande-de-renseignements\\\/#primaryimage\"},\"image\":{\"@id\":\"https:\\\/\\\/momcleaning.com\\\/fr\\\/franchise-mom\\\/demande-de-renseignements\\\/#primaryimage\"},\"thumbnailUrl\":\"https:\\\/\\\/momcleaning.com\\\/wp-content\\\/uploads\\\/2020\\\/03\\\/Mom_Mascot.png\",\"datePublished\":\"2023-02-28T20:09:37+00:00\",\"dateModified\":\"2023-03-03T16:44:59+00:00\",\"description\":\"Vous d\u00e9sirez poss\u00e9der votre entreprise? Des franchises MOM sont offertes au Qu\u00e9bec et en Ontario. Informez-vous et envoyez votre candidature!\",\"breadcrumb\":{\"@id\":\"https:\\\/\\\/momcleaning.com\\\/fr\\\/franchise-mom\\\/demande-de-renseignements\\\/#breadcrumb\"},\"inLanguage\":\"fr-CA\",\"potentialAction\":[{\"@type\":\"ReadAction\",\"target\":[\"https:\\\/\\\/momcleaning.com\\\/fr\\\/franchise-mom\\\/demande-de-renseignements\\\/\"]}]},{\"@type\":\"ImageObject\",\"inLanguage\":\"fr-CA\",\"@id\":\"https:\\\/\\\/momcleaning.com\\\/fr\\\/franchise-mom\\\/demande-de-renseignements\\\/#primaryimage\",\"url\":\"https:\\\/\\\/momcleaning.com\\\/wp-content\\\/uploads\\\/2020\\\/03\\\/Mom_Mascot.png\",\"contentUrl\":\"https:\\\/\\\/momcleaning.com\\\/wp-content\\\/uploads\\\/2020\\\/03\\\/Mom_Mascot.png\"},{\"@type\":\"BreadcrumbList\",\"@id\":\"https:\\\/\\\/momcleaning.com\\\/fr\\\/franchise-mom\\\/demande-de-renseignements\\\/#breadcrumb\",\"itemListElement\":[{\"@type\":\"ListItem\",\"position\":1,\"name\":\"MOM\",\"item\":\"https:\\\/\\\/momcleaning.com\\\/fr\\\/\"},{\"@type\":\"ListItem\",\"position\":2,\"name\":\"Franchise\",\"item\":\"https:\\\/\\\/momcleaning.com\\\/fr\\\/franchise-mom\\\/\"},{\"@type\":\"ListItem\",\"position\":3,\"name\":\"Demande de renseignements\"}]},{\"@type\":\"WebSite\",\"@id\":\"https:\\\/\\\/momcleaning.com\\\/fr\\\/#website\",\"url\":\"https:\\\/\\\/momcleaning.com\\\/fr\\\/\",\"name\":\"MOM Cleaning\",\"description\":\"Modern Office Maintenance\",\"publisher\":{\"@id\":\"https:\\\/\\\/momcleaning.com\\\/fr\\\/#organization\"},\"potentialAction\":[{\"@type\":\"SearchAction\",\"target\":{\"@type\":\"EntryPoint\",\"urlTemplate\":\"https:\\\/\\\/momcleaning.com\\\/fr\\\/?s={search_term_string}\"},\"query-input\":{\"@type\":\"PropertyValueSpecification\",\"valueRequired\":true,\"valueName\":\"search_term_string\"}}],\"inLanguage\":\"fr-CA\"},{\"@type\":\"Organization\",\"@id\":\"https:\\\/\\\/momcleaning.com\\\/fr\\\/#organization\",\"name\":\"MOM Cleaning\",\"url\":\"https:\\\/\\\/momcleaning.com\\\/fr\\\/\",\"logo\":{\"@type\":\"ImageObject\",\"inLanguage\":\"fr-CA\",\"@id\":\"https:\\\/\\\/momcleaning.com\\\/fr\\\/#\\\/schema\\\/logo\\\/image\\\/\",\"url\":\"https:\\\/\\\/momcleaning.com\\\/wp-content\\\/uploads\\\/2021\\\/01\\\/MOM-Modern-Office-Cleaning.svg\",\"contentUrl\":\"https:\\\/\\\/momcleaning.com\\\/wp-content\\\/uploads\\\/2021\\\/01\\\/MOM-Modern-Office-Cleaning.svg\",\"width\":1,\"height\":1,\"caption\":\"MOM Cleaning\"},\"image\":{\"@id\":\"https:\\\/\\\/momcleaning.com\\\/fr\\\/#\\\/schema\\\/logo\\\/image\\\/\"},\"sameAs\":[\"https:\\\/\\\/www.facebook.com\\\/momcleaninghq\\\/?ref=br_tf\",\"https:\\\/\\\/x.com\\\/momcleaning\",\"https:\\\/\\\/ca.linkedin.com\\\/company\\\/mom-cleaning\"]}]}<\/script>\n<!-- \/ Yoast SEO plugin. -->","yoast_head_json":{"title":"Appliquez pour une franchise d'entretien commercial - MOM Cleaning","description":"Vous d\u00e9sirez poss\u00e9der votre entreprise? Des franchises MOM sont offertes au Qu\u00e9bec et en Ontario. Informez-vous et envoyez votre candidature!","robots":{"index":"index","follow":"follow","max-snippet":"max-snippet:-1","max-image-preview":"max-image-preview:large","max-video-preview":"max-video-preview:-1"},"canonical":"https:\/\/momcleaning.com\/fr\/franchise-mom\/demande-de-renseignements\/","og_locale":"fr_CA","og_type":"article","og_title":"Appliquez pour une franchise d'entretien commercial - MOM Cleaning","og_description":"Vous d\u00e9sirez poss\u00e9der votre entreprise? Des franchises MOM sont offertes au Qu\u00e9bec et en Ontario. Informez-vous et envoyez votre candidature!","og_url":"https:\/\/momcleaning.com\/fr\/franchise-mom\/demande-de-renseignements\/","og_site_name":"MOM Cleaning","article_publisher":"https:\/\/www.facebook.com\/momcleaninghq\/?ref=br_tf","article_modified_time":"2023-03-03T16:44:59+00:00","og_image":[{"url":"https:\/\/momcleaning.com\/wp-content\/uploads\/2020\/03\/Mom_Mascot.png","type":"","width":"","height":""}],"twitter_card":"summary_large_image","twitter_site":"@momcleaning","twitter_misc":{"Estimation du temps de lecture":"5 minutes"},"schema":{"@context":"https:\/\/schema.org","@graph":[{"@type":"WebPage","@id":"https:\/\/momcleaning.com\/fr\/franchise-mom\/demande-de-renseignements\/","url":"https:\/\/momcleaning.com\/fr\/franchise-mom\/demande-de-renseignements\/","name":"Appliquez pour une franchise d'entretien commercial - MOM Cleaning","isPartOf":{"@id":"https:\/\/momcleaning.com\/fr\/#website"},"primaryImageOfPage":{"@id":"https:\/\/momcleaning.com\/fr\/franchise-mom\/demande-de-renseignements\/#primaryimage"},"image":{"@id":"https:\/\/momcleaning.com\/fr\/franchise-mom\/demande-de-renseignements\/#primaryimage"},"thumbnailUrl":"https:\/\/momcleaning.com\/wp-content\/uploads\/2020\/03\/Mom_Mascot.png","datePublished":"2023-02-28T20:09:37+00:00","dateModified":"2023-03-03T16:44:59+00:00","description":"Vous d\u00e9sirez poss\u00e9der votre entreprise? Des franchises MOM sont offertes au Qu\u00e9bec et en Ontario. Informez-vous et envoyez votre candidature!","breadcrumb":{"@id":"https:\/\/momcleaning.com\/fr\/franchise-mom\/demande-de-renseignements\/#breadcrumb"},"inLanguage":"fr-CA","potentialAction":[{"@type":"ReadAction","target":["https:\/\/momcleaning.com\/fr\/franchise-mom\/demande-de-renseignements\/"]}]},{"@type":"ImageObject","inLanguage":"fr-CA","@id":"https:\/\/momcleaning.com\/fr\/franchise-mom\/demande-de-renseignements\/#primaryimage","url":"https:\/\/momcleaning.com\/wp-content\/uploads\/2020\/03\/Mom_Mascot.png","contentUrl":"https:\/\/momcleaning.com\/wp-content\/uploads\/2020\/03\/Mom_Mascot.png"},{"@type":"BreadcrumbList","@id":"https:\/\/momcleaning.com\/fr\/franchise-mom\/demande-de-renseignements\/#breadcrumb","itemListElement":[{"@type":"ListItem","position":1,"name":"MOM","item":"https:\/\/momcleaning.com\/fr\/"},{"@type":"ListItem","position":2,"name":"Franchise","item":"https:\/\/momcleaning.com\/fr\/franchise-mom\/"},{"@type":"ListItem","position":3,"name":"Demande de renseignements"}]},{"@type":"WebSite","@id":"https:\/\/momcleaning.com\/fr\/#website","url":"https:\/\/momcleaning.com\/fr\/","name":"MOM Cleaning","description":"Modern Office Maintenance","publisher":{"@id":"https:\/\/momcleaning.com\/fr\/#organization"},"potentialAction":[{"@type":"SearchAction","target":{"@type":"EntryPoint","urlTemplate":"https:\/\/momcleaning.com\/fr\/?s={search_term_string}"},"query-input":{"@type":"PropertyValueSpecification","valueRequired":true,"valueName":"search_term_string"}}],"inLanguage":"fr-CA"},{"@type":"Organization","@id":"https:\/\/momcleaning.com\/fr\/#organization","name":"MOM Cleaning","url":"https:\/\/momcleaning.com\/fr\/","logo":{"@type":"ImageObject","inLanguage":"fr-CA","@id":"https:\/\/momcleaning.com\/fr\/#\/schema\/logo\/image\/","url":"https:\/\/momcleaning.com\/wp-content\/uploads\/2021\/01\/MOM-Modern-Office-Cleaning.svg","contentUrl":"https:\/\/momcleaning.com\/wp-content\/uploads\/2021\/01\/MOM-Modern-Office-Cleaning.svg","width":1,"height":1,"caption":"MOM Cleaning"},"image":{"@id":"https:\/\/momcleaning.com\/fr\/#\/schema\/logo\/image\/"},"sameAs":["https:\/\/www.facebook.com\/momcleaninghq\/?ref=br_tf","https:\/\/x.com\/momcleaning","https:\/\/ca.linkedin.com\/company\/mom-cleaning"]}]}},"_links":{"self":[{"href":"https:\/\/momcleaning.com\/fr\/wp-json\/wp\/v2\/pages\/37722","targetHints":{"allow":["GET"]}}],"collection":[{"href":"https:\/\/momcleaning.com\/fr\/wp-json\/wp\/v2\/pages"}],"about":[{"href":"https:\/\/momcleaning.com\/fr\/wp-json\/wp\/v2\/types\/page"}],"author":[{"embeddable":true,"href":"https:\/\/momcleaning.com\/fr\/wp-json\/wp\/v2\/users\/16"}],"replies":[{"embeddable":true,"href":"https:\/\/momcleaning.com\/fr\/wp-json\/wp\/v2\/comments?post=37722"}],"version-history":[{"count":0,"href":"https:\/\/momcleaning.com\/fr\/wp-json\/wp\/v2\/pages\/37722\/revisions"}],"up":[{"embeddable":true,"href":"https:\/\/momcleaning.com\/fr\/wp-json\/wp\/v2\/pages\/2784"}],"wp:attachment":[{"href":"https:\/\/momcleaning.com\/fr\/wp-json\/wp\/v2\/media?parent=37722"}],"curies":[{"name":"wp","href":"https:\/\/api.w.org\/{rel}","templated":true}]}}