{"id":2741,"date":"2020-04-27T15:22:49","date_gmt":"2020-04-27T19:22:49","guid":{"rendered":"https:\/\/momcleaning.com\/?page_id=2741"},"modified":"2026-02-25T19:51:06","modified_gmt":"2026-02-26T00:51:06","slug":"carriere","status":"publish","type":"page","link":"https:\/\/momcleaning.com\/fr\/a-propos\/carriere\/","title":{"rendered":"Carri\u00e8re"},"content":{"rendered":"\t\t<div data-elementor-type=\"wp-page\" data-elementor-id=\"2741\" class=\"elementor elementor-2741 elementor-1305\" data-elementor-post-type=\"page\">\n\t\t\t\t\t\t<section class=\"elementor-section elementor-top-section elementor-element elementor-element-91fab56 elementor-section-height-min-height elementor-section-boxed elementor-section-height-default elementor-section-items-middle\" data-id=\"91fab56\" data-element_type=\"section\" data-e-type=\"section\" data-settings=\"{&quot;background_background&quot;:&quot;classic&quot;}\">\n\t\t\t\t\t\t\t<div class=\"elementor-background-overlay\"><\/div>\n\t\t\t\t\t\t\t<div class=\"elementor-container elementor-column-gap-default\">\n\t\t\t\t\t<div class=\"elementor-column elementor-col-100 elementor-top-column elementor-element elementor-element-8ff0a20\" data-id=\"8ff0a20\" data-element_type=\"column\" data-e-type=\"column\">\n\t\t\t<div class=\"elementor-widget-wrap elementor-element-populated\">\n\t\t\t\t\t\t<div class=\"elementor-element elementor-element-1968d4e elementor-widget elementor-widget-heading\" data-id=\"1968d4e\" data-element_type=\"widget\" data-e-type=\"widget\" data-widget_type=\"heading.default\">\n\t\t\t\t<div class=\"elementor-widget-container\">\n\t\t\t\t\t<h2 class=\"elementor-heading-title elementor-size-xl\">Carri\u00e8res<\/h2>\t\t\t\t<\/div>\n\t\t\t\t<\/div>\n\t\t\t\t\t<\/div>\n\t\t<\/div>\n\t\t\t\t\t<\/div>\n\t\t<\/section>\n\t\t\t\t<section class=\"elementor-section elementor-top-section elementor-element elementor-element-c332eda elementor-section-content-middle elementor-section-boxed elementor-section-height-default elementor-section-height-default\" data-id=\"c332eda\" data-element_type=\"section\" data-e-type=\"section\">\n\t\t\t\t\t\t<div class=\"elementor-container elementor-column-gap-no\">\n\t\t\t\t\t<div class=\"elementor-column elementor-col-100 elementor-top-column elementor-element elementor-element-66e431c\" data-id=\"66e431c\" data-element_type=\"column\" data-e-type=\"column\">\n\t\t\t<div class=\"elementor-widget-wrap elementor-element-populated\">\n\t\t\t\t\t\t<div class=\"elementor-element elementor-element-426ad8a elementor-widget elementor-widget-text-editor\" data-id=\"426ad8a\" data-element_type=\"widget\" data-e-type=\"widget\" data-widget_type=\"text-editor.default\">\n\t\t\t\t<div class=\"elementor-widget-container\">\n\t\t\t\t\t\t\t\t\t<p><strong>Nous accueillons les candidatures spontan\u00e9es en tout temps que ce soit <br \/>pour un stage, un emploi \u00e0 temps partiel, contractuel, temps plein etc. <br \/><\/strong><\/p><p><strong>Un suivi sera effectu\u00e9 <span style=\"text-decoration: underline;\">uniquement<\/span> si votre candidature est retenue.<\/strong><\/p>\t\t\t\t\t\t\t\t<\/div>\n\t\t\t\t<\/div>\n\t\t\t\t<div class=\"elementor-element elementor-element-4a7c01d elementor-widget__width-initial elementor-button-align-stretch elementor-widget elementor-widget-form\" data-id=\"4a7c01d\" data-element_type=\"widget\" data-e-type=\"widget\" data-settings=\"{&quot;step_next_label&quot;:&quot;Suivant&quot;,&quot;step_previous_label&quot;:&quot;Pr\\u00e9c\\u00e9dent&quot;,&quot;button_width&quot;:&quot;100&quot;,&quot;step_type&quot;:&quot;number_text&quot;,&quot;step_icon_shape&quot;:&quot;circle&quot;}\" data-widget_type=\"form.default\">\n\t\t\t\t<div class=\"elementor-widget-container\">\n\t\t\t\t\t\t\t<form class=\"elementor-form\" method=\"post\" name=\"Carri\u00e8re\" aria-label=\"Carri\u00e8re\">\n\t\t\t<input type=\"hidden\" name=\"post_id\" value=\"2741\"\/>\n\t\t\t<input type=\"hidden\" name=\"form_id\" value=\"4a7c01d\"\/>\n\t\t\t<input type=\"hidden\" name=\"referer_title\" value=\"MOM Cleaning\" \/>\n\n\t\t\t\n\t\t\t<div class=\"elementor-form-fields-wrapper elementor-labels-\">\n\t\t\t\t\t\t\t\t<div class=\"elementor-field-type-text elementor-field-group elementor-column elementor-field-group-name elementor-col-100\">\n\t\t\t\t\t\t\t\t\t\t\t\t<label for=\"form-field-name\" class=\"elementor-field-label elementor-screen-only\">\n\t\t\t\t\t\t\t\tNom\t\t\t\t\t\t\t<\/label>\n\t\t\t\t\t\t\t\t\t\t\t\t\t\t<input size=\"1\" type=\"text\" name=\"form_fields[name]\" id=\"form-field-name\" class=\"elementor-field elementor-size-sm  elementor-field-textual\" placeholder=\"Nom\">\n\t\t\t\t\t\t\t\t\t\t\t<\/div>\n\t\t\t\t\t\t\t\t<div class=\"elementor-field-type-email elementor-field-group elementor-column elementor-field-group-email elementor-col-100 elementor-field-required\">\n\t\t\t\t\t\t\t\t\t\t\t\t<label for=\"form-field-email\" class=\"elementor-field-label elementor-screen-only\">\n\t\t\t\t\t\t\t\tE-mail\t\t\t\t\t\t\t<\/label>\n\t\t\t\t\t\t\t\t\t\t\t\t\t\t<input size=\"1\" type=\"email\" name=\"form_fields[email]\" id=\"form-field-email\" class=\"elementor-field elementor-size-sm  elementor-field-textual\" placeholder=\"E-mail\" required=\"required\">\n\t\t\t\t\t\t\t\t\t\t\t<\/div>\n\t\t\t\t\t\t\t\t<div class=\"elementor-field-type-textarea elementor-field-group elementor-column elementor-field-group-message elementor-col-100\">\n\t\t\t\t\t\t\t\t\t\t\t\t<label for=\"form-field-message\" class=\"elementor-field-label elementor-screen-only\">\n\t\t\t\t\t\t\t\tMessage\t\t\t\t\t\t\t<\/label>\n\t\t\t\t\t\t<textarea class=\"elementor-field-textual elementor-field  elementor-size-sm\" name=\"form_fields[message]\" id=\"form-field-message\" rows=\"4\" placeholder=\"Message\"><\/textarea>\t\t\t\t<\/div>\n\t\t\t\t\t\t\t\t<div class=\"elementor-field-type-upload elementor-field-group elementor-column elementor-field-group-field_0147998 elementor-col-100\">\n\t\t\t\t\t\t\t\t\t\t\t\t<label for=\"form-field-field_0147998\" class=\"elementor-field-label elementor-screen-only\">\n\t\t\t\t\t\t\t\tC.V.\t\t\t\t\t\t\t<\/label>\n\t\t\t\t\t\t\t\t<input type=\"file\" name=\"form_fields[field_0147998]\" id=\"form-field-field_0147998\" class=\"elementor-field elementor-size-sm  elementor-upload-field\">\n\n\t\t\t\t\t\t<\/div>\n\t\t\t\t\t\t\t\t<div class=\"elementor-field-type-hidden elementor-field-group elementor-column elementor-field-group-field_35c9565 elementor-col-100\">\n\t\t\t\t\t\t\t\t\t\t\t\t\t<input size=\"1\" type=\"hidden\" name=\"form_fields[field_35c9565]\" id=\"form-field-field_35c9565\" class=\"elementor-field elementor-size-sm  elementor-field-textual\">\n\t\t\t\t\t\t\t\t\t\t\t<\/div>\n\t\t\t\t\t\t\t\t<div class=\"elementor-field-group elementor-column elementor-field-type-submit elementor-col-100 e-form__buttons\">\n\t\t\t\t\t<button class=\"elementor-button elementor-size-sm\" type=\"submit\">\n\t\t\t\t\t\t<span class=\"elementor-button-content-wrapper\">\n\t\t\t\t\t\t\t\t\t\t\t\t\t\t\t\t\t\t\t\t\t\t<span class=\"elementor-button-text\">Envoyer<\/span>\n\t\t\t\t\t\t\t\t\t\t\t\t\t<\/span>\n\t\t\t\t\t<\/button>\n\t\t\t\t<\/div>\n\t\t\t<\/div>\n\t\t<\/form>\n\t\t\t\t\t\t<\/div>\n\t\t\t\t<\/div>\n\t\t\t\t\t<\/div>\n\t\t<\/div>\n\t\t\t\t\t<\/div>\n\t\t<\/section>\n\t\t\t\t<\/div>\n\t\t","protected":false},"excerpt":{"rendered":"<p>Carri\u00e8res Nous accueillons les candidatures spontan\u00e9es en tout temps que ce soit pour un stage, un emploi \u00e0 temps partiel, contractuel, temps plein etc. Un suivi sera effectu\u00e9 uniquement si votre candidature est retenue.<\/p>\n","protected":false},"author":19,"featured_media":0,"parent":657395,"menu_order":2,"comment_status":"closed","ping_status":"closed","template":"","meta":{"_acf_changed":false,"site-sidebar-layout":"no-sidebar","site-content-layout":"page-builder","ast-site-content-layout":"full-width-container","site-content-style":"unboxed","site-sidebar-style":"unboxed","ast-global-header-display":"","ast-banner-title-visibility":"","ast-main-header-display":"","ast-hfb-above-header-display":"","ast-hfb-below-header-display":"","ast-hfb-mobile-header-display":"","site-post-title":"disabled","ast-breadcrumbs-content":"","ast-featured-img":"disabled","footer-sml-layout":"","ast-disable-related-posts":"","theme-transparent-header-meta":"default","adv-header-id-meta":"","stick-header-meta":"","header-above-stick-meta":"","header-main-stick-meta":"","header-below-stick-meta":"","astra-migrate-meta-layouts":"set","ast-page-background-enabled":"default","ast-page-background-meta":{"desktop":{"background-color":"","background-image":"","background-repeat":"repeat","background-position":"center center","background-size":"auto","background-attachment":"scroll","background-type":"","background-media":"","overlay-type":"","overlay-color":"","overlay-opacity":"","overlay-gradient":""},"tablet":{"background-color":"","background-image":"","background-repeat":"repeat","background-position":"center center","background-size":"auto","background-attachment":"scroll","background-type":"","background-media":"","overlay-type":"","overlay-color":"","overlay-opacity":"","overlay-gradient":""},"mobile":{"background-color":"","background-image":"","background-repeat":"repeat","background-position":"center center","background-size":"auto","background-attachment":"scroll","background-type":"","background-media":"","overlay-type":"","overlay-color":"","overlay-opacity":"","overlay-gradient":""}},"ast-content-background-meta":{"desktop":{"background-color":"var(--ast-global-color-5)","background-image":"","background-repeat":"repeat","background-position":"center center","background-size":"auto","background-attachment":"scroll","background-type":"","background-media":"","overlay-type":"","overlay-color":"","overlay-opacity":"","overlay-gradient":""},"tablet":{"background-color":"var(--ast-global-color-5)","background-image":"","background-repeat":"repeat","background-position":"center center","background-size":"auto","background-attachment":"scroll","background-type":"","background-media":"","overlay-type":"","overlay-color":"","overlay-opacity":"","overlay-gradient":""},"mobile":{"background-color":"var(--ast-global-color-5)","background-image":"","background-repeat":"repeat","background-position":"center center","background-size":"auto","background-attachment":"scroll","background-type":"","background-media":"","overlay-type":"","overlay-color":"","overlay-opacity":"","overlay-gradient":""}},"footnotes":""},"class_list":["post-2741","page","type-page","status-publish","hentry"],"acf":[],"yoast_head":"<!-- This site is optimized with the Yoast SEO plugin v27.1.1 - https:\/\/yoast.com\/product\/yoast-seo-wordpress\/ -->\n<title>Carri\u00e8re en entretien commercial | MOM, postes overts<\/title>\n<meta name=\"description\" content=\"Vous cherchez une carri\u00e8re en entretien commercial stimulante chez une entreprise en franchise? D\u00e9couvrez nos emplois dans votre r\u00e9gion!\" \/>\n<meta name=\"robots\" content=\"index, follow, max-snippet:-1, max-image-preview:large, max-video-preview:-1\" \/>\n<link rel=\"canonical\" href=\"https:\/\/momcleaning.com\/fr\/a-propos\/carriere\/\" \/>\n<meta property=\"og:locale\" content=\"fr_CA\" \/>\n<meta property=\"og:type\" content=\"article\" \/>\n<meta property=\"og:title\" content=\"Carri\u00e8re en entretien commercial | MOM, postes overts\" \/>\n<meta property=\"og:description\" content=\"Vous cherchez une carri\u00e8re en entretien commercial stimulante chez une entreprise en franchise? D\u00e9couvrez nos emplois dans votre r\u00e9gion!\" \/>\n<meta property=\"og:url\" content=\"https:\/\/momcleaning.com\/fr\/a-propos\/carriere\/\" \/>\n<meta property=\"og:site_name\" content=\"MOM Cleaning\" \/>\n<meta property=\"article:publisher\" content=\"https:\/\/www.facebook.com\/momcleaninghq\/?ref=br_tf\" \/>\n<meta property=\"article:modified_time\" content=\"2026-02-26T00:51:06+00:00\" \/>\n<meta name=\"twitter:card\" content=\"summary_large_image\" \/>\n<meta name=\"twitter:site\" content=\"@momcleaning\" \/>\n<meta name=\"twitter:label1\" content=\"Estimation du temps de lecture\" \/>\n\t<meta name=\"twitter:data1\" content=\"1 minute\" \/>\n<script type=\"application\/ld+json\" class=\"yoast-schema-graph\">{\"@context\":\"https:\/\/schema.org\",\"@graph\":[{\"@type\":\"WebPage\",\"@id\":\"https:\/\/momcleaning.com\/fr\/a-propos\/carriere\/\",\"url\":\"https:\/\/momcleaning.com\/fr\/a-propos\/carriere\/\",\"name\":\"Carri\u00e8re en entretien commercial | MOM, postes overts\",\"isPartOf\":{\"@id\":\"https:\/\/momcleaning.com\/fr\/#website\"},\"datePublished\":\"2020-04-27T19:22:49+00:00\",\"dateModified\":\"2026-02-26T00:51:06+00:00\",\"description\":\"Vous cherchez une carri\u00e8re en entretien commercial stimulante chez une entreprise en franchise? D\u00e9couvrez nos emplois dans votre r\u00e9gion!\",\"breadcrumb\":{\"@id\":\"https:\/\/momcleaning.com\/fr\/a-propos\/carriere\/#breadcrumb\"},\"inLanguage\":\"fr-CA\",\"potentialAction\":[{\"@type\":\"ReadAction\",\"target\":[\"https:\/\/momcleaning.com\/fr\/a-propos\/carriere\/\"]}]},{\"@type\":\"BreadcrumbList\",\"@id\":\"https:\/\/momcleaning.com\/fr\/a-propos\/carriere\/#breadcrumb\",\"itemListElement\":[{\"@type\":\"ListItem\",\"position\":1,\"name\":\"MOM\",\"item\":\"https:\/\/momcleaning.com\/fr\/\"},{\"@type\":\"ListItem\",\"position\":2,\"name\":\"\u00c0 propos\",\"item\":\"https:\/\/momcleaning.com\/fr\/a-propos\/\"},{\"@type\":\"ListItem\",\"position\":3,\"name\":\"Carri\u00e8re\"}]},{\"@type\":\"WebSite\",\"@id\":\"https:\/\/momcleaning.com\/fr\/#website\",\"url\":\"https:\/\/momcleaning.com\/fr\/\",\"name\":\"MOM Cleaning\",\"description\":\"Modern Office Maintenance\",\"publisher\":{\"@id\":\"https:\/\/momcleaning.com\/fr\/#organization\"},\"potentialAction\":[{\"@type\":\"SearchAction\",\"target\":{\"@type\":\"EntryPoint\",\"urlTemplate\":\"https:\/\/momcleaning.com\/fr\/?s={search_term_string}\"},\"query-input\":{\"@type\":\"PropertyValueSpecification\",\"valueRequired\":true,\"valueName\":\"search_term_string\"}}],\"inLanguage\":\"fr-CA\"},{\"@type\":\"Organization\",\"@id\":\"https:\/\/momcleaning.com\/fr\/#organization\",\"name\":\"MOM Cleaning\",\"url\":\"https:\/\/momcleaning.com\/fr\/\",\"logo\":{\"@type\":\"ImageObject\",\"inLanguage\":\"fr-CA\",\"@id\":\"https:\/\/momcleaning.com\/fr\/#\/schema\/logo\/image\/\",\"url\":\"https:\/\/momcleaning.com\/wp-content\/uploads\/2021\/01\/MOM-Modern-Office-Cleaning.svg\",\"contentUrl\":\"https:\/\/momcleaning.com\/wp-content\/uploads\/2021\/01\/MOM-Modern-Office-Cleaning.svg\",\"width\":1,\"height\":1,\"caption\":\"MOM Cleaning\"},\"image\":{\"@id\":\"https:\/\/momcleaning.com\/fr\/#\/schema\/logo\/image\/\"},\"sameAs\":[\"https:\/\/www.facebook.com\/momcleaninghq\/?ref=br_tf\",\"https:\/\/x.com\/momcleaning\",\"https:\/\/ca.linkedin.com\/company\/mom-cleaning\"]}]}<\/script>\n<!-- \/ Yoast SEO plugin. -->","yoast_head_json":{"title":"Carri\u00e8re en entretien commercial | MOM, postes overts","description":"Vous cherchez une carri\u00e8re en entretien commercial stimulante chez une entreprise en franchise? D\u00e9couvrez nos emplois dans votre r\u00e9gion!","robots":{"index":"index","follow":"follow","max-snippet":"max-snippet:-1","max-image-preview":"max-image-preview:large","max-video-preview":"max-video-preview:-1"},"canonical":"https:\/\/momcleaning.com\/fr\/a-propos\/carriere\/","og_locale":"fr_CA","og_type":"article","og_title":"Carri\u00e8re en entretien commercial | MOM, postes overts","og_description":"Vous cherchez une carri\u00e8re en entretien commercial stimulante chez une entreprise en franchise? D\u00e9couvrez nos emplois dans votre r\u00e9gion!","og_url":"https:\/\/momcleaning.com\/fr\/a-propos\/carriere\/","og_site_name":"MOM Cleaning","article_publisher":"https:\/\/www.facebook.com\/momcleaninghq\/?ref=br_tf","article_modified_time":"2026-02-26T00:51:06+00:00","twitter_card":"summary_large_image","twitter_site":"@momcleaning","twitter_misc":{"Estimation du temps de lecture":"1 minute"},"schema":{"@context":"https:\/\/schema.org","@graph":[{"@type":"WebPage","@id":"https:\/\/momcleaning.com\/fr\/a-propos\/carriere\/","url":"https:\/\/momcleaning.com\/fr\/a-propos\/carriere\/","name":"Carri\u00e8re en entretien commercial | MOM, postes overts","isPartOf":{"@id":"https:\/\/momcleaning.com\/fr\/#website"},"datePublished":"2020-04-27T19:22:49+00:00","dateModified":"2026-02-26T00:51:06+00:00","description":"Vous cherchez une carri\u00e8re en entretien commercial stimulante chez une entreprise en franchise? D\u00e9couvrez nos emplois dans votre r\u00e9gion!","breadcrumb":{"@id":"https:\/\/momcleaning.com\/fr\/a-propos\/carriere\/#breadcrumb"},"inLanguage":"fr-CA","potentialAction":[{"@type":"ReadAction","target":["https:\/\/momcleaning.com\/fr\/a-propos\/carriere\/"]}]},{"@type":"BreadcrumbList","@id":"https:\/\/momcleaning.com\/fr\/a-propos\/carriere\/#breadcrumb","itemListElement":[{"@type":"ListItem","position":1,"name":"MOM","item":"https:\/\/momcleaning.com\/fr\/"},{"@type":"ListItem","position":2,"name":"\u00c0 propos","item":"https:\/\/momcleaning.com\/fr\/a-propos\/"},{"@type":"ListItem","position":3,"name":"Carri\u00e8re"}]},{"@type":"WebSite","@id":"https:\/\/momcleaning.com\/fr\/#website","url":"https:\/\/momcleaning.com\/fr\/","name":"MOM Cleaning","description":"Modern Office Maintenance","publisher":{"@id":"https:\/\/momcleaning.com\/fr\/#organization"},"potentialAction":[{"@type":"SearchAction","target":{"@type":"EntryPoint","urlTemplate":"https:\/\/momcleaning.com\/fr\/?s={search_term_string}"},"query-input":{"@type":"PropertyValueSpecification","valueRequired":true,"valueName":"search_term_string"}}],"inLanguage":"fr-CA"},{"@type":"Organization","@id":"https:\/\/momcleaning.com\/fr\/#organization","name":"MOM Cleaning","url":"https:\/\/momcleaning.com\/fr\/","logo":{"@type":"ImageObject","inLanguage":"fr-CA","@id":"https:\/\/momcleaning.com\/fr\/#\/schema\/logo\/image\/","url":"https:\/\/momcleaning.com\/wp-content\/uploads\/2021\/01\/MOM-Modern-Office-Cleaning.svg","contentUrl":"https:\/\/momcleaning.com\/wp-content\/uploads\/2021\/01\/MOM-Modern-Office-Cleaning.svg","width":1,"height":1,"caption":"MOM Cleaning"},"image":{"@id":"https:\/\/momcleaning.com\/fr\/#\/schema\/logo\/image\/"},"sameAs":["https:\/\/www.facebook.com\/momcleaninghq\/?ref=br_tf","https:\/\/x.com\/momcleaning","https:\/\/ca.linkedin.com\/company\/mom-cleaning"]}]}},"_links":{"self":[{"href":"https:\/\/momcleaning.com\/fr\/wp-json\/wp\/v2\/pages\/2741","targetHints":{"allow":["GET"]}}],"collection":[{"href":"https:\/\/momcleaning.com\/fr\/wp-json\/wp\/v2\/pages"}],"about":[{"href":"https:\/\/momcleaning.com\/fr\/wp-json\/wp\/v2\/types\/page"}],"author":[{"embeddable":true,"href":"https:\/\/momcleaning.com\/fr\/wp-json\/wp\/v2\/users\/19"}],"replies":[{"embeddable":true,"href":"https:\/\/momcleaning.com\/fr\/wp-json\/wp\/v2\/comments?post=2741"}],"version-history":[{"count":0,"href":"https:\/\/momcleaning.com\/fr\/wp-json\/wp\/v2\/pages\/2741\/revisions"}],"up":[{"embeddable":true,"href":"https:\/\/momcleaning.com\/fr\/wp-json\/wp\/v2\/pages\/657395"}],"wp:attachment":[{"href":"https:\/\/momcleaning.com\/fr\/wp-json\/wp\/v2\/media?parent=2741"}],"curies":[{"name":"wp","href":"https:\/\/api.w.org\/{rel}","templated":true}]}}