{"id":2227,"date":"2020-04-21T17:36:18","date_gmt":"2020-04-21T21:36:18","guid":{"rendered":"https:\/\/momcleaning.com\/?page_id=2227"},"modified":"2024-09-24T10:51:08","modified_gmt":"2024-09-24T14:51:08","slug":"compagnie-merci","status":"publish","type":"page","link":"https:\/\/momcleaning.com\/fr\/compagnie-merci\/","title":{"rendered":"Merci"},"content":{"rendered":"\t\t<div data-elementor-type=\"wp-page\" data-elementor-id=\"2227\" class=\"elementor elementor-2227 elementor-2207\" data-elementor-post-type=\"page\">\n\t\t\t\t<div class=\"elementor-element elementor-element-2566f5d e-flex e-con-boxed e-con e-parent\" data-id=\"2566f5d\" data-element_type=\"container\" data-e-type=\"container\">\n\t\t\t\t\t<div class=\"e-con-inner\">\n\t\t\t\t<div class=\"elementor-element elementor-element-182b832 elementor-widget elementor-widget-html\" data-id=\"182b832\" data-element_type=\"widget\" data-e-type=\"widget\" data-widget_type=\"html.default\">\n\t\t\t\t<div class=\"elementor-widget-container\">\n\t\t\t\t\t\n<!--  ClickCease.com Conversion tracking-->\n<script type=\"text\/javascript\">\nccConVal = 0;\nvar script = document.createElement(\"script\");\nscript.async = true;\nscript.type = \"text\/javascript\";\nvar target = 'https:\/\/www.clickcease.com\/monitor\/cccontrack.js';\nscript.src = target; var elem = document.head; elem.appendChild(script);\n<\/script>\n<noscript>\n<a href=\"https:\/\/www.clickcease.com\" rel=\"nofollow\"><img decoding=\"async\" src=\"https:\/\/monitor.clickcease.com\/conversions\/conversions.aspx?value=0\" alt=\"ClickCease\"\/><\/a>\n<\/noscript>\n<!--  ClickCease.com Conversion tracking-->\n\t\t\t\t<\/div>\n\t\t\t\t<\/div>\n\t\t\t\t\t<\/div>\n\t\t\t\t<\/div>\n\t\t\t\t<section class=\"elementor-section elementor-top-section elementor-element elementor-element-87b8719 elementor-section-height-min-height elementor-section-boxed elementor-section-height-default elementor-section-items-middle\" data-id=\"87b8719\" data-element_type=\"section\" data-e-type=\"section\" data-settings=\"{&quot;background_background&quot;:&quot;classic&quot;}\">\n\t\t\t\t\t\t\t<div class=\"elementor-background-overlay\"><\/div>\n\t\t\t\t\t\t\t<div class=\"elementor-container elementor-column-gap-default\">\n\t\t\t\t\t<div class=\"elementor-column elementor-col-50 elementor-top-column elementor-element elementor-element-f900a3b\" data-id=\"f900a3b\" data-element_type=\"column\" data-e-type=\"column\">\n\t\t\t<div class=\"elementor-widget-wrap elementor-element-populated\">\n\t\t\t\t\t\t<div class=\"elementor-element elementor-element-823c59f elementor-widget elementor-widget-heading\" data-id=\"823c59f\" data-element_type=\"widget\" data-e-type=\"widget\" data-widget_type=\"heading.default\">\n\t\t\t\t<div class=\"elementor-widget-container\">\n\t\t\t\t\t<h4 class=\"elementor-heading-title elementor-size-default\">Nous avons bien re\u00e7u votre demande de soumission. <\/h4>\t\t\t\t<\/div>\n\t\t\t\t<\/div>\n\t\t\t\t<div class=\"elementor-element elementor-element-2cd884e elementor-widget elementor-widget-text-editor\" data-id=\"2cd884e\" data-element_type=\"widget\" data-e-type=\"widget\" data-widget_type=\"text-editor.default\">\n\t\t\t\t<div class=\"elementor-widget-container\">\n\t\t\t\t\t\t\t\t\t<p>Merci de votre demande, un de nos agents du service \u00e0 la client\u00e8le vous contacteras dans les plus brefs d\u00e9lais. Si n\u00e9cessaire, n&rsquo;h\u00e9sitez pas \u00e0 nous t\u00e9l\u00e9phoner directement 24\/7 au <strong>514 439-3666<\/strong> ou sans-frais au 1 866 225-5666<\/p>\t\t\t\t\t\t\t\t<\/div>\n\t\t\t\t<\/div>\n\t\t\t\t\t<\/div>\n\t\t<\/div>\n\t\t\t\t<div class=\"elementor-column elementor-col-50 elementor-top-column elementor-element elementor-element-714e7f2\" data-id=\"714e7f2\" data-element_type=\"column\" data-e-type=\"column\">\n\t\t\t<div class=\"elementor-widget-wrap\">\n\t\t\t\t\t\t\t<\/div>\n\t\t<\/div>\n\t\t\t\t<div class=\"elementor-column elementor-col-100 elementor-top-column elementor-element elementor-element-a0ec5b6\" data-id=\"a0ec5b6\" data-element_type=\"column\" data-e-type=\"column\">\n\t\t\t<div class=\"elementor-widget-wrap elementor-element-populated\">\n\t\t\t\t\t\t<div class=\"elementor-element elementor-element-93a89e3 elementor-widget elementor-widget-image\" data-id=\"93a89e3\" data-element_type=\"widget\" data-e-type=\"widget\" data-widget_type=\"image.default\">\n\t\t\t\t<div class=\"elementor-widget-container\">\n\t\t\t\t\t\t\t\t\t\t\t\t\t\t\t<img decoding=\"async\" src=\"https:\/\/momcleaning.com\/wp-content\/uploads\/2020\/04\/Mom-Thank-You-5.svg\" class=\"attachment-full size-full wp-image-2225\" alt=\"Merci Montr\u00e9al\" \/>\t\t\t\t\t\t\t\t\t\t\t\t\t\t\t<\/div>\n\t\t\t\t<\/div>\n\t\t\t\t\t<\/div>\n\t\t<\/div>\n\t\t\t\t\t<\/div>\n\t\t<\/section>\n\t\t\t\t<\/div>\n\t\t","protected":false},"excerpt":{"rendered":"<p>Nous avons bien re\u00e7u votre demande de soumission. Merci de votre demande, un de nos agents du service \u00e0 la client\u00e8le vous contacteras dans les plus brefs d\u00e9lais. Si n\u00e9cessaire, n&rsquo;h\u00e9sitez pas \u00e0 nous t\u00e9l\u00e9phoner directement 24\/7 au 514 439-3666 ou sans-frais au 1 866 225-5666<\/p>\n","protected":false},"author":19,"featured_media":0,"parent":0,"menu_order":1,"comment_status":"closed","ping_status":"closed","template":"","meta":{"_acf_changed":false,"site-sidebar-layout":"no-sidebar","site-content-layout":"page-builder","ast-site-content-layout":"default","site-content-style":"default","site-sidebar-style":"default","ast-global-header-display":"","ast-banner-title-visibility":"","ast-main-header-display":"","ast-hfb-above-header-display":"","ast-hfb-below-header-display":"","ast-hfb-mobile-header-display":"","site-post-title":"disabled","ast-breadcrumbs-content":"","ast-featured-img":"disabled","footer-sml-layout":"","ast-disable-related-posts":"","theme-transparent-header-meta":"default","adv-header-id-meta":"","stick-header-meta":"","header-above-stick-meta":"","header-main-stick-meta":"","header-below-stick-meta":"","astra-migrate-meta-layouts":"default","ast-page-background-enabled":"default","ast-page-background-meta":{"desktop":{"background-color":"","background-image":"","background-repeat":"repeat","background-position":"center center","background-size":"auto","background-attachment":"scroll","background-type":"","background-media":"","overlay-type":"","overlay-color":"","overlay-opacity":"","overlay-gradient":""},"tablet":{"background-color":"","background-image":"","background-repeat":"repeat","background-position":"center center","background-size":"auto","background-attachment":"scroll","background-type":"","background-media":"","overlay-type":"","overlay-color":"","overlay-opacity":"","overlay-gradient":""},"mobile":{"background-color":"","background-image":"","background-repeat":"repeat","background-position":"center center","background-size":"auto","background-attachment":"scroll","background-type":"","background-media":"","overlay-type":"","overlay-color":"","overlay-opacity":"","overlay-gradient":""}},"ast-content-background-meta":{"desktop":{"background-color":"var(--ast-global-color-5)","background-image":"","background-repeat":"repeat","background-position":"center center","background-size":"auto","background-attachment":"scroll","background-type":"","background-media":"","overlay-type":"","overlay-color":"","overlay-opacity":"","overlay-gradient":""},"tablet":{"background-color":"var(--ast-global-color-5)","background-image":"","background-repeat":"repeat","background-position":"center center","background-size":"auto","background-attachment":"scroll","background-type":"","background-media":"","overlay-type":"","overlay-color":"","overlay-opacity":"","overlay-gradient":""},"mobile":{"background-color":"var(--ast-global-color-5)","background-image":"","background-repeat":"repeat","background-position":"center center","background-size":"auto","background-attachment":"scroll","background-type":"","background-media":"","overlay-type":"","overlay-color":"","overlay-opacity":"","overlay-gradient":""}},"footnotes":""},"class_list":["post-2227","page","type-page","status-publish","hentry"],"acf":[],"yoast_head":"<!-- This site is optimized with the Yoast SEO plugin v27.4 - https:\/\/yoast.com\/product\/yoast-seo-wordpress\/ -->\n<title>Merci de votre demande! - MOM Entretien, depuis 2004<\/title>\n<meta name=\"description\" content=\"Un service d&#039;entretien m\u00e9nager commercial qui change la vie. Merci de votre demande de soumission, nous vous contacterons sous peu!\" \/>\n<meta name=\"robots\" content=\"index, follow, max-snippet:-1, max-image-preview:large, max-video-preview:-1\" \/>\n<link rel=\"canonical\" href=\"https:\/\/momcleaning.com\/fr\/compagnie-merci\/\" \/>\n<meta property=\"og:locale\" content=\"fr_CA\" \/>\n<meta property=\"og:type\" content=\"article\" \/>\n<meta property=\"og:title\" content=\"Merci de votre demande! - MOM Entretien, depuis 2004\" \/>\n<meta property=\"og:description\" content=\"Un service d&#039;entretien m\u00e9nager commercial qui change la vie. Merci de votre demande de soumission, nous vous contacterons sous peu!\" \/>\n<meta property=\"og:url\" content=\"https:\/\/momcleaning.com\/fr\/compagnie-merci\/\" \/>\n<meta property=\"og:site_name\" content=\"MOM Cleaning\" \/>\n<meta property=\"article:publisher\" content=\"https:\/\/www.facebook.com\/momcleaninghq\/?ref=br_tf\" \/>\n<meta property=\"article:modified_time\" content=\"2024-09-24T14:51:08+00:00\" \/>\n<meta property=\"og:image\" content=\"https:\/\/monitor.clickcease.com\/conversions\/conversions.aspx?value=0\" \/>\n<meta name=\"twitter:card\" content=\"summary_large_image\" \/>\n<meta name=\"twitter:site\" content=\"@momcleaning\" \/>\n<meta name=\"twitter:label1\" content=\"Estimation du temps de lecture\" \/>\n\t<meta name=\"twitter:data1\" content=\"1 minute\" \/>\n<script type=\"application\/ld+json\" class=\"yoast-schema-graph\">{\"@context\":\"https:\\\/\\\/schema.org\",\"@graph\":[{\"@type\":\"WebPage\",\"@id\":\"https:\\\/\\\/momcleaning.com\\\/fr\\\/compagnie-merci\\\/\",\"url\":\"https:\\\/\\\/momcleaning.com\\\/fr\\\/compagnie-merci\\\/\",\"name\":\"Merci de votre demande! - MOM Entretien, depuis 2004\",\"isPartOf\":{\"@id\":\"https:\\\/\\\/momcleaning.com\\\/fr\\\/#website\"},\"primaryImageOfPage\":{\"@id\":\"https:\\\/\\\/momcleaning.com\\\/fr\\\/compagnie-merci\\\/#primaryimage\"},\"image\":{\"@id\":\"https:\\\/\\\/momcleaning.com\\\/fr\\\/compagnie-merci\\\/#primaryimage\"},\"thumbnailUrl\":\"https:\\\/\\\/monitor.clickcease.com\\\/conversions\\\/conversions.aspx?value=0\",\"datePublished\":\"2020-04-21T21:36:18+00:00\",\"dateModified\":\"2024-09-24T14:51:08+00:00\",\"description\":\"Un service d'entretien m\u00e9nager commercial qui change la vie. Merci de votre demande de soumission, nous vous contacterons sous peu!\",\"breadcrumb\":{\"@id\":\"https:\\\/\\\/momcleaning.com\\\/fr\\\/compagnie-merci\\\/#breadcrumb\"},\"inLanguage\":\"fr-CA\",\"potentialAction\":[{\"@type\":\"ReadAction\",\"target\":[\"https:\\\/\\\/momcleaning.com\\\/fr\\\/compagnie-merci\\\/\"]}]},{\"@type\":\"ImageObject\",\"inLanguage\":\"fr-CA\",\"@id\":\"https:\\\/\\\/momcleaning.com\\\/fr\\\/compagnie-merci\\\/#primaryimage\",\"url\":\"https:\\\/\\\/monitor.clickcease.com\\\/conversions\\\/conversions.aspx?value=0\",\"contentUrl\":\"https:\\\/\\\/monitor.clickcease.com\\\/conversions\\\/conversions.aspx?value=0\"},{\"@type\":\"BreadcrumbList\",\"@id\":\"https:\\\/\\\/momcleaning.com\\\/fr\\\/compagnie-merci\\\/#breadcrumb\",\"itemListElement\":[{\"@type\":\"ListItem\",\"position\":1,\"name\":\"MOM\",\"item\":\"https:\\\/\\\/momcleaning.com\\\/fr\\\/\"},{\"@type\":\"ListItem\",\"position\":2,\"name\":\"Merci\"}]},{\"@type\":\"WebSite\",\"@id\":\"https:\\\/\\\/momcleaning.com\\\/fr\\\/#website\",\"url\":\"https:\\\/\\\/momcleaning.com\\\/fr\\\/\",\"name\":\"MOM Cleaning\",\"description\":\"Modern Office Maintenance\",\"publisher\":{\"@id\":\"https:\\\/\\\/momcleaning.com\\\/fr\\\/#organization\"},\"potentialAction\":[{\"@type\":\"SearchAction\",\"target\":{\"@type\":\"EntryPoint\",\"urlTemplate\":\"https:\\\/\\\/momcleaning.com\\\/fr\\\/?s={search_term_string}\"},\"query-input\":{\"@type\":\"PropertyValueSpecification\",\"valueRequired\":true,\"valueName\":\"search_term_string\"}}],\"inLanguage\":\"fr-CA\"},{\"@type\":\"Organization\",\"@id\":\"https:\\\/\\\/momcleaning.com\\\/fr\\\/#organization\",\"name\":\"MOM Cleaning\",\"url\":\"https:\\\/\\\/momcleaning.com\\\/fr\\\/\",\"logo\":{\"@type\":\"ImageObject\",\"inLanguage\":\"fr-CA\",\"@id\":\"https:\\\/\\\/momcleaning.com\\\/fr\\\/#\\\/schema\\\/logo\\\/image\\\/\",\"url\":\"https:\\\/\\\/momcleaning.com\\\/wp-content\\\/uploads\\\/2021\\\/01\\\/MOM-Modern-Office-Cleaning.svg\",\"contentUrl\":\"https:\\\/\\\/momcleaning.com\\\/wp-content\\\/uploads\\\/2021\\\/01\\\/MOM-Modern-Office-Cleaning.svg\",\"width\":1,\"height\":1,\"caption\":\"MOM Cleaning\"},\"image\":{\"@id\":\"https:\\\/\\\/momcleaning.com\\\/fr\\\/#\\\/schema\\\/logo\\\/image\\\/\"},\"sameAs\":[\"https:\\\/\\\/www.facebook.com\\\/momcleaninghq\\\/?ref=br_tf\",\"https:\\\/\\\/x.com\\\/momcleaning\",\"https:\\\/\\\/ca.linkedin.com\\\/company\\\/mom-cleaning\"]}]}<\/script>\n<!-- \/ Yoast SEO plugin. -->","yoast_head_json":{"title":"Merci de votre demande! - MOM Entretien, depuis 2004","description":"Un service d'entretien m\u00e9nager commercial qui change la vie. Merci de votre demande de soumission, nous vous contacterons sous peu!","robots":{"index":"index","follow":"follow","max-snippet":"max-snippet:-1","max-image-preview":"max-image-preview:large","max-video-preview":"max-video-preview:-1"},"canonical":"https:\/\/momcleaning.com\/fr\/compagnie-merci\/","og_locale":"fr_CA","og_type":"article","og_title":"Merci de votre demande! - MOM Entretien, depuis 2004","og_description":"Un service d'entretien m\u00e9nager commercial qui change la vie. Merci de votre demande de soumission, nous vous contacterons sous peu!","og_url":"https:\/\/momcleaning.com\/fr\/compagnie-merci\/","og_site_name":"MOM Cleaning","article_publisher":"https:\/\/www.facebook.com\/momcleaninghq\/?ref=br_tf","article_modified_time":"2024-09-24T14:51:08+00:00","og_image":[{"url":"https:\/\/monitor.clickcease.com\/conversions\/conversions.aspx?value=0","type":"","width":"","height":""}],"twitter_card":"summary_large_image","twitter_site":"@momcleaning","twitter_misc":{"Estimation du temps de lecture":"1 minute"},"schema":{"@context":"https:\/\/schema.org","@graph":[{"@type":"WebPage","@id":"https:\/\/momcleaning.com\/fr\/compagnie-merci\/","url":"https:\/\/momcleaning.com\/fr\/compagnie-merci\/","name":"Merci de votre demande! - MOM Entretien, depuis 2004","isPartOf":{"@id":"https:\/\/momcleaning.com\/fr\/#website"},"primaryImageOfPage":{"@id":"https:\/\/momcleaning.com\/fr\/compagnie-merci\/#primaryimage"},"image":{"@id":"https:\/\/momcleaning.com\/fr\/compagnie-merci\/#primaryimage"},"thumbnailUrl":"https:\/\/monitor.clickcease.com\/conversions\/conversions.aspx?value=0","datePublished":"2020-04-21T21:36:18+00:00","dateModified":"2024-09-24T14:51:08+00:00","description":"Un service d'entretien m\u00e9nager commercial qui change la vie. Merci de votre demande de soumission, nous vous contacterons sous peu!","breadcrumb":{"@id":"https:\/\/momcleaning.com\/fr\/compagnie-merci\/#breadcrumb"},"inLanguage":"fr-CA","potentialAction":[{"@type":"ReadAction","target":["https:\/\/momcleaning.com\/fr\/compagnie-merci\/"]}]},{"@type":"ImageObject","inLanguage":"fr-CA","@id":"https:\/\/momcleaning.com\/fr\/compagnie-merci\/#primaryimage","url":"https:\/\/monitor.clickcease.com\/conversions\/conversions.aspx?value=0","contentUrl":"https:\/\/monitor.clickcease.com\/conversions\/conversions.aspx?value=0"},{"@type":"BreadcrumbList","@id":"https:\/\/momcleaning.com\/fr\/compagnie-merci\/#breadcrumb","itemListElement":[{"@type":"ListItem","position":1,"name":"MOM","item":"https:\/\/momcleaning.com\/fr\/"},{"@type":"ListItem","position":2,"name":"Merci"}]},{"@type":"WebSite","@id":"https:\/\/momcleaning.com\/fr\/#website","url":"https:\/\/momcleaning.com\/fr\/","name":"MOM Cleaning","description":"Modern Office Maintenance","publisher":{"@id":"https:\/\/momcleaning.com\/fr\/#organization"},"potentialAction":[{"@type":"SearchAction","target":{"@type":"EntryPoint","urlTemplate":"https:\/\/momcleaning.com\/fr\/?s={search_term_string}"},"query-input":{"@type":"PropertyValueSpecification","valueRequired":true,"valueName":"search_term_string"}}],"inLanguage":"fr-CA"},{"@type":"Organization","@id":"https:\/\/momcleaning.com\/fr\/#organization","name":"MOM Cleaning","url":"https:\/\/momcleaning.com\/fr\/","logo":{"@type":"ImageObject","inLanguage":"fr-CA","@id":"https:\/\/momcleaning.com\/fr\/#\/schema\/logo\/image\/","url":"https:\/\/momcleaning.com\/wp-content\/uploads\/2021\/01\/MOM-Modern-Office-Cleaning.svg","contentUrl":"https:\/\/momcleaning.com\/wp-content\/uploads\/2021\/01\/MOM-Modern-Office-Cleaning.svg","width":1,"height":1,"caption":"MOM Cleaning"},"image":{"@id":"https:\/\/momcleaning.com\/fr\/#\/schema\/logo\/image\/"},"sameAs":["https:\/\/www.facebook.com\/momcleaninghq\/?ref=br_tf","https:\/\/x.com\/momcleaning","https:\/\/ca.linkedin.com\/company\/mom-cleaning"]}]}},"_links":{"self":[{"href":"https:\/\/momcleaning.com\/fr\/wp-json\/wp\/v2\/pages\/2227","targetHints":{"allow":["GET"]}}],"collection":[{"href":"https:\/\/momcleaning.com\/fr\/wp-json\/wp\/v2\/pages"}],"about":[{"href":"https:\/\/momcleaning.com\/fr\/wp-json\/wp\/v2\/types\/page"}],"author":[{"embeddable":true,"href":"https:\/\/momcleaning.com\/fr\/wp-json\/wp\/v2\/users\/19"}],"replies":[{"embeddable":true,"href":"https:\/\/momcleaning.com\/fr\/wp-json\/wp\/v2\/comments?post=2227"}],"version-history":[{"count":0,"href":"https:\/\/momcleaning.com\/fr\/wp-json\/wp\/v2\/pages\/2227\/revisions"}],"wp:attachment":[{"href":"https:\/\/momcleaning.com\/fr\/wp-json\/wp\/v2\/media?parent=2227"}],"curies":[{"name":"wp","href":"https:\/\/api.w.org\/{rel}","templated":true}]}}